{"id":4181,"date":"2022-11-17T10:28:00","date_gmt":"2022-11-17T09:28:00","guid":{"rendered":"https:\/\/www.weinschloss-thaller.at\/?post_type=product&#038;p=4181"},"modified":"2025-12-05T11:25:57","modified_gmt":"2025-12-05T10:25:57","slug":"augustinus-moench-2-lions-club","status":"publish","type":"product","link":"https:\/\/www.weinschloss-thaller.at\/en\/produkt\/augustinus-moench-2-lions-club\/","title":{"rendered":"Augustinus M\u00f6nch II"},"content":{"rendered":"<p>The fruit for the wine Augustinus M\u00f6nch II comes from favorable sites from original possessions of the Augustinian Hermits of F\u00fcrstenfeld. Wine has been grown here for many generations. On steeply sloping hillsides, old vines provide meager fruit that is handpicked, carefully fermented on the skins, and brought to maturity in small wooden barrels. Augustine Monk is the marriage of Merlot, Shiraz and Cabernet grapes from the great 2012 vintage. The wine is limited to 1362 bottles; opulent and powerful endowed with noble tannins and high depth of color. Climatic influences and the soil in harmony with the winemaker&#8217;s craft have created here again a unique wine with great potential. Our Lions Vine Master Carolus watches over and cares for all this time with a strict hand, guarding this great treasure on the road to revelation. On the occasion of the Visitation of Mary, the wine was packed in wooden boxes and accompanied by organ music, bedded down in the Church of St. Augustine to ripen. Lingering in the force field of the church inspires with positive energy and spirituality. The wine is a great legacy and will reach its first maturity of pleasure in 5 to 8 years. In big glasses, with good thoughts, with peaceful people we want to defy the pandemic and feast with Augustinus M\u00f6nch. We can look forward to a great wine event.<\/p>\n<p><strong>Augustinus M\u00f6nch &#8211; the project<\/strong><\/p>\n<p>The Lions here in F\u00fcrstenfeld are committed to tradition and helpfulness, and walk in the footsteps of the Augustinian hermits. The red thread of our story is Augustinus M\u00f6nch the wine. \u20ac 100 per crate will go to &#8220;Lions-F\u00fcrstenfeld aid projects&#8221;. The purchase of a crate is followed by the announcement of the &#8220;revelation&#8221;! We tell city history &#8211; we celebrate Eucharist &#8211; we serve bread and wine and we help where other help does not reach! We look forward to your participation and say thank you!<\/p>\n<p><strong>Augustinus M\u00f6nch &#8211; the monastery<\/strong><\/p>\n<p>The foundation of the monastery goes back to the demand of the citizens of F\u00fcrstenfeld in the 13th century, who were in constant dispute with the Knights of St. John (now Maltese). After many years of tough wrangling, city captain Hans von Stadeck finally succeeded in obtaining the benevolence of the sovereigns! On December 3, 1362, Rudolf IV (the founder) issued the charter for the foundation of an Augustinian hermit monastery here at F\u00fcrstenfeld. With the approval of the Pope as well as Archbishop Ortolf of Salzburg, nothing more stood in the way of laying the foundation stone. The construction of the monastery was finally completed in 1368 with the consecration of the church to St. Augustine. The monastery was home to 12 monks, who significantly shaped F\u00fcrstenfeld economically, socially and pastorally, and led the town to its first flourishing at that time!<\/p>\n<p>&nbsp;<\/p>\n","protected":false},"excerpt":{"rendered":"<p>The fruit for the wine Augustinus M\u00f6nch II comes from favorable sites from original possessions of the Augustinian Hermits of F\u00fcrstenfeld. Wine has been grown here for many generations. On steeply sloping hillsides, old vines provide meager fruit that is handpicked, carefully fermented on the skins, and brought to maturity in small wooden barrels. Augustine [&hellip;]<\/p>\n","protected":false},"featured_media":4183,"template":"","meta":{"_acf_changed":false},"product_brand":[],"product_cat":[254],"product_tag":[],"class_list":{"0":"post-4181","1":"product","2":"type-product","3":"status-publish","4":"has-post-thumbnail","6":"product_cat-redwine","7":"product_shipping_class-bottle","8":"pa_akloholgehalt-14-00-vol-en","9":"pa_charakter-dry","10":"pa_farbe-red","11":"pa_gebiet-vulkanland-styria","12":"pa_marke-weinschloss-koarl-thaller-en","13":"pa_sorte-cabernet-sauvignon-en","14":"pa_sorte-merlot-en","15":"pa_sorte-shiraz-en","16":"pa_verschluss-cork","18":"first","19":"instock","20":"taxable","21":"shipping-taxable","22":"purchasable","23":"product-type-simple"},"acf":[],"_links":{"self":[{"href":"https:\/\/www.weinschloss-thaller.at\/en\/wp-json\/wp\/v2\/product\/4181","targetHints":{"allow":["GET"]}}],"collection":[{"href":"https:\/\/www.weinschloss-thaller.at\/en\/wp-json\/wp\/v2\/product"}],"about":[{"href":"https:\/\/www.weinschloss-thaller.at\/en\/wp-json\/wp\/v2\/types\/product"}],"wp:featuredmedia":[{"embeddable":true,"href":"https:\/\/www.weinschloss-thaller.at\/en\/wp-json\/wp\/v2\/media\/4183"}],"wp:attachment":[{"href":"https:\/\/www.weinschloss-thaller.at\/en\/wp-json\/wp\/v2\/media?parent=4181"}],"wp:term":[{"taxonomy":"product_brand","embeddable":true,"href":"https:\/\/www.weinschloss-thaller.at\/en\/wp-json\/wp\/v2\/product_brand?post=4181"},{"taxonomy":"product_cat","embeddable":true,"href":"https:\/\/www.weinschloss-thaller.at\/en\/wp-json\/wp\/v2\/product_cat?post=4181"},{"taxonomy":"product_tag","embeddable":true,"href":"https:\/\/www.weinschloss-thaller.at\/en\/wp-json\/wp\/v2\/product_tag?post=4181"}],"curies":[{"name":"wp","href":"https:\/\/api.w.org\/{rel}","templated":true}]}}